{"id":1932,"date":"2024-10-15T10:09:52","date_gmt":"2024-10-15T10:09:52","guid":{"rendered":"https:\/\/vut.ac.za\/?page_id=1932"},"modified":"2025-06-17T09:53:43","modified_gmt":"2025-06-17T09:53:43","slug":"vision-mission-and-values","status":"publish","type":"page","link":"https:\/\/vut.ac.za\/nso\/vision-mission-and-values\/","title":{"rendered":"Pono, Maikemi\u0161et\u0161o le Ditekanyet\u0161o"},"content":{"rendered":"<div data-elementor-type=\"wp-page\" data-elementor-id=\"1932\" class=\"elementor elementor-1932\" data-elementor-post-type=\"page\">\n\t\t\t\t<div class=\"elementor-element elementor-element-167df67b e-con-full e-flex e-con e-parent\" data-id=\"167df67b\" data-element_type=\"container\" data-e-type=\"container\" data-settings=\"{&quot;background_background&quot;:&quot;classic&quot;}\">\n\t\t<div class=\"elementor-element elementor-element-29bd5cd2 e-con-full e-flex e-con e-child\" data-id=\"29bd5cd2\" data-element_type=\"container\" data-e-type=\"container\" data-settings=\"{&quot;background_background&quot;:&quot;classic&quot;}\">\n\t\t\t\t<div class=\"elementor-element elementor-element-5928b53 elementor-widget elementor-widget-heading\" data-id=\"5928b53\" data-element_type=\"widget\" data-e-type=\"widget\" data-widget_type=\"heading.default\">\n\t\t\t\t<div class=\"elementor-widget-container\">\n\t\t\t\t\t<h2 class=\"elementor-heading-title elementor-size-default\">Pono, Maikemi\u0161et\u0161o le Ditekanyet\u0161o<\/h2>\t\t\t\t<\/div>\n\t\t\t\t<\/div>\n\t\t\t\t<div class=\"elementor-element elementor-element-50e67c8a elementor-widget elementor-widget-text-editor\" data-id=\"50e67c8a\" data-element_type=\"widget\" data-e-type=\"widget\" data-widget_type=\"text-editor.default\">\n\t\t\t\t<div class=\"elementor-widget-container\">\n\t\t\t\t\t\t\t\t\t<p>Moo re hlalo\u0161ago pono, morero, le dinepo t\u0161eo di hlahlago bokamoso bja yunibesithi ya rena.<\/p>\t\t\t\t\t\t\t\t<\/div>\n\t\t\t\t<\/div>\n\t\t\t\t<\/div>\n\t\t<div class=\"elementor-element elementor-element-64330eda e-con-full e-flex e-con e-child\" data-id=\"64330eda\" data-element_type=\"container\" data-e-type=\"container\">\n\t\t\t\t<\/div>\n\t\t\t\t<\/div>\n\t\t<div class=\"elementor-element elementor-element-598311b0 e-flex e-con-boxed e-con e-parent\" data-id=\"598311b0\" data-element_type=\"container\" data-e-type=\"container\">\n\t\t\t\t\t<div class=\"e-con-inner\">\n\t\t<div class=\"elementor-element elementor-element-14b84ba6 e-con-full e-flex e-con e-child\" data-id=\"14b84ba6\" data-element_type=\"container\" data-e-type=\"container\">\n\t\t\t\t<div class=\"elementor-element elementor-element-40eee90f elementor-widget elementor-widget-heading\" data-id=\"40eee90f\" data-element_type=\"widget\" data-e-type=\"widget\" data-widget_type=\"heading.default\">\n\t\t\t\t<div class=\"elementor-widget-container\">\n\t\t\t\t\t<h2 class=\"elementor-heading-title elementor-size-default\">Pono, Maikemi\u0161et\u0161o le Ditekanyet\u0161o<\/h2>\t\t\t\t<\/div>\n\t\t\t\t<\/div>\n\t\t\t\t<div class=\"elementor-element elementor-element-55808cd7 elementor-widget-divider--view-line elementor-widget elementor-widget-divider\" data-id=\"55808cd7\" data-element_type=\"widget\" data-e-type=\"widget\" data-widget_type=\"divider.default\">\n\t\t\t\t<div class=\"elementor-widget-container\">\n\t\t\t\t\t\t\t<div class=\"elementor-divider\">\n\t\t\t<span class=\"elementor-divider-separator\">\n\t\t\t\t\t\t<\/span>\n\t\t<\/div>\n\t\t\t\t\t\t<\/div>\n\t\t\t\t<\/div>\n\t\t\t\t<div class=\"elementor-element elementor-element-2a2dd844 elementor-widget elementor-widget-text-editor\" data-id=\"2a2dd844\" data-element_type=\"widget\" data-e-type=\"widget\" data-widget_type=\"text-editor.default\">\n\t\t\t\t<div class=\"elementor-widget-container\">\n\t\t\t\t\t\t\t\t\t<p>Re a go amogela letlakaleng Pono, Morero, le metheo ya Yunibesithi, moo re abelanago melawana ya tlhahlo yeo e bopago boit\u0161hupo bja rena le mo re ya go gona. Fa, o tla hwet\u0161a ditumo t\u0161a rena ka bokamoso bja yunibesithi, maikemi\u0161et\u0161o a rena a go t\u0161wet\u0161apele tsebo le go godi\u0161a katlego ya baithuti, le ditumelo t\u0161eo di hlalo\u0161ago boikgafo bja rena bja potego, go fapafapana, le bokgoni.<\/p>\t\t\t\t\t\t\t\t<\/div>\n\t\t\t\t<\/div>\n\t\t\t\t<\/div>\n\t\t\t\t\t<\/div>\n\t\t\t\t<\/div>\n\t\t<div class=\"elementor-element elementor-element-f6b2811 e-flex e-con-boxed e-con e-parent\" data-id=\"f6b2811\" data-element_type=\"container\" data-e-type=\"container\" data-settings=\"{&quot;background_background&quot;:&quot;classic&quot;}\">\n\t\t\t\t\t<div class=\"e-con-inner\">\n\t\t<div class=\"elementor-element elementor-element-4229204f e-con-full e-flex e-con e-child\" data-id=\"4229204f\" data-element_type=\"container\" data-e-type=\"container\" data-settings=\"{&quot;background_background&quot;:&quot;classic&quot;}\">\n\t\t\t\t<div class=\"elementor-element elementor-element-1e4d0fa0 elementor-widget elementor-widget-heading\" data-id=\"1e4d0fa0\" data-element_type=\"widget\" data-e-type=\"widget\" data-widget_type=\"heading.default\">\n\t\t\t\t<div class=\"elementor-widget-container\">\n\t\t\t\t\t<h2 class=\"elementor-heading-title elementor-size-default\"><br>Pono<\/h2>\t\t\t\t<\/div>\n\t\t\t\t<\/div>\n\t\t\t\t<div class=\"elementor-element elementor-element-4da6b7ba elementor-widget-divider--view-line elementor-widget elementor-widget-divider\" data-id=\"4da6b7ba\" data-element_type=\"widget\" data-e-type=\"widget\" data-widget_type=\"divider.default\">\n\t\t\t\t<div class=\"elementor-widget-container\">\n\t\t\t\t\t\t\t<div class=\"elementor-divider\">\n\t\t\t<span class=\"elementor-divider-separator\">\n\t\t\t\t\t\t<\/span>\n\t\t<\/div>\n\t\t\t\t\t\t<\/div>\n\t\t\t\t<\/div>\n\t\t\t\t<div class=\"elementor-element elementor-element-1b4c8ff5 elementor-widget elementor-widget-text-editor\" data-id=\"1b4c8ff5\" data-element_type=\"widget\" data-e-type=\"widget\" data-widget_type=\"text-editor.default\">\n\t\t\t\t<div class=\"elementor-widget-container\">\n\t\t\t\t\t\t\t\t\t<p>Go ithuta le boitlhamelo bakeng sa<\/p><p>bohlale bja dit\u0161ethale le tshwarelelo ya intasteriale<\/p><p>le pethogo ya t\u0161a leago le t\u0161a boiphedi\u0161o<\/p>\t\t\t\t\t\t\t\t<\/div>\n\t\t\t\t<\/div>\n\t\t\t\t<\/div>\n\t\t<div class=\"elementor-element elementor-element-79fc7fc6 e-con-full e-flex e-con e-child\" data-id=\"79fc7fc6\" data-element_type=\"container\" data-e-type=\"container\" data-settings=\"{&quot;background_background&quot;:&quot;classic&quot;}\">\n\t\t\t\t<div class=\"elementor-element elementor-element-74b380bf elementor-widget elementor-widget-heading\" data-id=\"74b380bf\" data-element_type=\"widget\" data-e-type=\"widget\" data-widget_type=\"heading.default\">\n\t\t\t\t<div class=\"elementor-widget-container\">\n\t\t\t\t\t<h2 class=\"elementor-heading-title elementor-size-default\"><br>Morero<\/h2>\t\t\t\t<\/div>\n\t\t\t\t<\/div>\n\t\t\t\t<div class=\"elementor-element elementor-element-503c8571 elementor-widget-divider--view-line elementor-widget elementor-widget-divider\" data-id=\"503c8571\" data-element_type=\"widget\" data-e-type=\"widget\" data-widget_type=\"divider.default\">\n\t\t\t\t<div class=\"elementor-widget-container\">\n\t\t\t\t\t\t\t<div class=\"elementor-divider\">\n\t\t\t<span class=\"elementor-divider-separator\">\n\t\t\t\t\t\t<\/span>\n\t\t<\/div>\n\t\t\t\t\t\t<\/div>\n\t\t\t\t<\/div>\n\t\t\t\t<div class=\"elementor-element elementor-element-5b4f2cda elementor-widget elementor-widget-text-editor\" data-id=\"5b4f2cda\" data-element_type=\"widget\" data-e-type=\"widget\" data-widget_type=\"text-editor.default\">\n\t\t\t\t<div class=\"elementor-widget-container\">\n\t\t\t\t\t\t\t\t\t<p>Ke go t\u0161welet\u0161a dialoga t\u0161a bogwebi bja theknolot\u0161i\u00a0<\/p><p>le boitlhamelo t\u0161eo di tla \u0161u\u0161umet\u0161ago diphetogo t\u0161a go kwagala\u00a0<\/p><p>set\u0161habeng sa go swarelela le go atlega,<\/p><p>intastering le kgwebong.<\/p>\t\t\t\t\t\t\t\t<\/div>\n\t\t\t\t<\/div>\n\t\t\t\t<\/div>\n\t\t\t\t\t<\/div>\n\t\t\t\t<\/div>\n\t\t<div class=\"elementor-element elementor-element-77bf6c72 e-flex e-con-boxed e-con e-parent\" data-id=\"77bf6c72\" data-element_type=\"container\" data-e-type=\"container\">\n\t\t\t\t\t<div class=\"e-con-inner\">\n\t\t\t\t<div class=\"elementor-element elementor-element-63490003 elementor-widget elementor-widget-heading\" data-id=\"63490003\" data-element_type=\"widget\" data-e-type=\"widget\" data-widget_type=\"heading.default\">\n\t\t\t\t<div class=\"elementor-widget-container\">\n\t\t\t\t\t<h2 class=\"elementor-heading-title elementor-size-default\"><br>Ditekanyet\u0161o<\/h2>\t\t\t\t<\/div>\n\t\t\t\t<\/div>\n\t\t\t\t<div class=\"elementor-element elementor-element-abb61db elementor-widget elementor-widget-text-editor\" data-id=\"abb61db\" data-element_type=\"widget\" data-e-type=\"widget\" data-widget_type=\"text-editor.default\">\n\t\t\t\t<div class=\"elementor-widget-container\">\n\t\t\t\t\t\t\t\t\t<p>VUT e latela metheo yeo e latelago:<\/p>\t\t\t\t\t\t\t\t<\/div>\n\t\t\t\t<\/div>\n\t\t\t\t<div class=\"elementor-element elementor-element-56ac345 elementor-widget-divider--view-line elementor-widget elementor-widget-divider\" data-id=\"56ac345\" data-element_type=\"widget\" data-e-type=\"widget\" data-widget_type=\"divider.default\">\n\t\t\t\t<div class=\"elementor-widget-container\">\n\t\t\t\t\t\t\t<div class=\"elementor-divider\">\n\t\t\t<span class=\"elementor-divider-separator\">\n\t\t\t\t\t\t<\/span>\n\t\t<\/div>\n\t\t\t\t\t\t<\/div>\n\t\t\t\t<\/div>\n\t\t\t\t<div class=\"elementor-element elementor-element-4ccfbd60 elementor-widget elementor-widget-text-editor\" data-id=\"4ccfbd60\" data-element_type=\"widget\" data-e-type=\"widget\" data-widget_type=\"text-editor.default\">\n\t\t\t\t<div class=\"elementor-widget-container\">\n\t\t\t\t\t\t\t\t\t<p><strong>Bokgoni:<\/strong> Re katanela phihlelelo ya godimo go t\u0161wa set\u0161habeng ka moka sa VUT, gomme re hlohlelet\u0161a set\u0161o sa go feta ditetelo t\u0161e di tlwaelegilego ka go phegelela merero ya rena<\/p><p><strong>Boitlhamelo:<\/strong> Re t\u0161wet\u0161apele maitapi\u0161o le mokgwa wa boitlhamelo go phegeleleng merero ya rena le nepo ye kgolo ya go godi\u0161a go atlega ga batho<\/p><p><span style=\"color: #333333;\"><strong>Maitshwaro a Tlhokomelo:<\/strong><\/span> Re laet\u0161we gore re se ke ra naganela fela ka fao re swaranago ka gona, eup\u0161a re \u0161omi\u0161e tlhokomelo ye kgolo ka fao re lebelelago le go \u0161irelet\u0161a go loka go ka moka re katanelago go go fihlelela ka prot\u0161eke ya Yunibesithi<\/p><p><strong>Tiri\u0161anommogo:<\/strong> Re t\u0161wet\u0161apele set\u0161o sa go ba le bogwera, go diri\u0161ana mmogo, le tlhomphano go phegelela go fihlelela dinepo t\u0161a go swana<\/p><p><strong>Botshepegi:<\/strong> Re kgomarelana, le go dira gore yo mongwe le yo mongwe a ikarabele ka maitshwaro a mabotse le a letswalo mo\u0161omong, lent\u0161ung le tirong, se ke go tlalelet\u0161a ditiri\u0161ano t\u0161a rena le mananeo, gammogo le ditiro t\u0161e dingwe dikarolong ka moka t\u0161a tshepedi\u0161o le bophelo bja yunibesithi<\/p><p><strong>Go fapafapana:<\/strong> Re atlega ka phapano bjalo ka letlotlo, re t\u0161wet\u0161apele temogo ya tekatekano le go amogela gore bohle ba ka tsenya letsogo ka tsela ye botse ka ditsela t\u0161e di fapafapanego go phegelela go fihlelela pono le morero wa yunibesithi<\/p>\t\t\t\t\t\t\t\t<\/div>\n\t\t\t\t<\/div>\n\t\t\t\t\t<\/div>\n\t\t\t\t<\/div>\n\t\t\t\t<\/div>","protected":false},"excerpt":{"rendered":"<p>Vision, Mission and Values Where we outline the vision, mission, and goals that guide the future of our university. Vision, [&hellip;]<\/p>\n","protected":false},"author":5,"featured_media":0,"parent":0,"menu_order":0,"comment_status":"closed","ping_status":"closed","template":"","meta":{"site-sidebar-layout":"no-sidebar","site-content-layout":"","ast-site-content-layout":"full-width-container","site-content-style":"default","site-sidebar-style":"default","ast-global-header-display":"","ast-banner-title-visibility":"","ast-main-header-display":"","ast-hfb-above-header-display":"","ast-hfb-below-header-display":"","ast-hfb-mobile-header-display":"","site-post-title":"disabled","ast-breadcrumbs-content":"","ast-featured-img":"disabled","footer-sml-layout":"","ast-disable-related-posts":"","theme-transparent-header-meta":"","adv-header-id-meta":"","stick-header-meta":"","header-above-stick-meta":"","header-main-stick-meta":"","header-below-stick-meta":"","astra-migrate-meta-layouts":"default","ast-page-background-enabled":"default","ast-page-background-meta":{"desktop":{"background-color":"var(--ast-global-color-4)","background-image":"","background-repeat":"repeat","background-position":"center center","background-size":"auto","background-attachment":"scroll","background-type":"","background-media":"","overlay-type":"","overlay-color":"","overlay-opacity":"","overlay-gradient":""},"tablet":{"background-color":"","background-image":"","background-repeat":"repeat","background-position":"center center","background-size":"auto","background-attachment":"scroll","background-type":"","background-media":"","overlay-type":"","overlay-color":"","overlay-opacity":"","overlay-gradient":""},"mobile":{"background-color":"","background-image":"","background-repeat":"repeat","background-position":"center center","background-size":"auto","background-attachment":"scroll","background-type":"","background-media":"","overlay-type":"","overlay-color":"","overlay-opacity":"","overlay-gradient":""}},"ast-content-background-meta":{"desktop":{"background-color":"var(--ast-global-color-5)","background-image":"","background-repeat":"repeat","background-position":"center center","background-size":"auto","background-attachment":"scroll","background-type":"","background-media":"","overlay-type":"","overlay-color":"","overlay-opacity":"","overlay-gradient":""},"tablet":{"background-color":"var(--ast-global-color-5)","background-image":"","background-repeat":"repeat","background-position":"center center","background-size":"auto","background-attachment":"scroll","background-type":"","background-media":"","overlay-type":"","overlay-color":"","overlay-opacity":"","overlay-gradient":""},"mobile":{"background-color":"var(--ast-global-color-5)","background-image":"","background-repeat":"repeat","background-position":"center center","background-size":"auto","background-attachment":"scroll","background-type":"","background-media":"","overlay-type":"","overlay-color":"","overlay-opacity":"","overlay-gradient":""}},"footnotes":""},"categories":[20],"tags":[],"class_list":["post-1932","page","type-page","status-publish","hentry","category-about-vut"],"aioseo_notices":[],"_links":{"self":[{"href":"https:\/\/vut.ac.za\/nso\/wp-json\/wp\/v2\/pages\/1932","targetHints":{"allow":["GET"]}}],"collection":[{"href":"https:\/\/vut.ac.za\/nso\/wp-json\/wp\/v2\/pages"}],"about":[{"href":"https:\/\/vut.ac.za\/nso\/wp-json\/wp\/v2\/types\/page"}],"author":[{"embeddable":true,"href":"https:\/\/vut.ac.za\/nso\/wp-json\/wp\/v2\/users\/5"}],"replies":[{"embeddable":true,"href":"https:\/\/vut.ac.za\/nso\/wp-json\/wp\/v2\/comments?post=1932"}],"version-history":[{"count":2,"href":"https:\/\/vut.ac.za\/nso\/wp-json\/wp\/v2\/pages\/1932\/revisions"}],"predecessor-version":[{"id":23790,"href":"https:\/\/vut.ac.za\/nso\/wp-json\/wp\/v2\/pages\/1932\/revisions\/23790"}],"wp:attachment":[{"href":"https:\/\/vut.ac.za\/nso\/wp-json\/wp\/v2\/media?parent=1932"}],"wp:term":[{"taxonomy":"category","embeddable":true,"href":"https:\/\/vut.ac.za\/nso\/wp-json\/wp\/v2\/categories?post=1932"},{"taxonomy":"post_tag","embeddable":true,"href":"https:\/\/vut.ac.za\/nso\/wp-json\/wp\/v2\/tags?post=1932"}],"curies":[{"name":"wp","href":"https:\/\/api.w.org\/{rel}","templated":true}]}}