{"id":4216,"date":"2024-10-24T06:56:40","date_gmt":"2024-10-24T06:56:40","guid":{"rendered":"https:\/\/vut.ac.za\/?page_id=4216"},"modified":"2026-02-05T12:16:15","modified_gmt":"2026-02-05T12:16:15","slug":"centre-for-alternative-energy","status":"publish","type":"page","link":"https:\/\/vut.ac.za\/nso\/centre-for-alternative-energy\/","title":{"rendered":"Centre for Alternative Energy FET"},"content":{"rendered":"<div data-elementor-type=\"wp-page\" data-elementor-id=\"4216\" class=\"elementor elementor-4216\" data-elementor-post-type=\"page\">\n\t\t\t\t<div class=\"elementor-element elementor-element-3fd47ac e-con-full e-flex e-con e-parent\" data-id=\"3fd47ac\" data-element_type=\"container\" data-e-type=\"container\">\n\t\t<div class=\"elementor-element elementor-element-7ee15bd e-con-full e-flex e-con e-child\" data-id=\"7ee15bd\" data-element_type=\"container\" data-e-type=\"container\" data-settings=\"{&quot;background_background&quot;:&quot;classic&quot;}\">\n\t\t\t\t<div class=\"elementor-element elementor-element-1447c73 elementor-widget elementor-widget-heading\" data-id=\"1447c73\" data-element_type=\"widget\" data-e-type=\"widget\" data-widget_type=\"heading.default\">\n\t\t\t\t<div class=\"elementor-widget-container\">\n\t\t\t\t\t<h2 class=\"elementor-heading-title elementor-size-default\">Centre for Alternative Energy<\/h2>\t\t\t\t<\/div>\n\t\t\t\t<\/div>\n\t\t\t\t<div class=\"elementor-element elementor-element-49e4c26 elementor-widget elementor-widget-text-editor\" data-id=\"49e4c26\" data-element_type=\"widget\" data-e-type=\"widget\" data-widget_type=\"text-editor.default\">\n\t\t\t\t<div class=\"elementor-widget-container\">\n\t\t\t\t\t\t\t\t\t<p>At the Centre of Alternative Energy, we are dedicated to advancing renewable energy sources such as solar, wind, and geothermal, working towards a sustainable energy future through research, education, and collaboration.<\/p>\t\t\t\t\t\t\t\t<\/div>\n\t\t\t\t<\/div>\n\t\t\t\t<\/div>\n\t\t<div class=\"elementor-element elementor-element-22d49ef e-con-full e-flex e-con e-child\" data-id=\"22d49ef\" data-element_type=\"container\" data-e-type=\"container\" data-settings=\"{&quot;background_background&quot;:&quot;classic&quot;}\">\n\t\t\t\t<\/div>\n\t\t\t\t<\/div>\n\t\t<div class=\"elementor-element elementor-element-7ad2511b e-con-full e-flex e-con e-parent\" data-id=\"7ad2511b\" data-element_type=\"container\" data-e-type=\"container\" data-settings=\"{&quot;background_background&quot;:&quot;classic&quot;}\">\n\t\t<div class=\"elementor-element elementor-element-1a9b8cbc e-grid e-con-boxed e-con e-child\" data-id=\"1a9b8cbc\" data-element_type=\"container\" data-e-type=\"container\">\n\t\t\t\t\t<div class=\"e-con-inner\">\n\t\t\t\t<div class=\"elementor-element elementor-element-6f998380 elementor-position-inline-end elementor-mobile-position-inline-end elementor-view-default elementor-widget elementor-widget-icon-box\" data-id=\"6f998380\" data-element_type=\"widget\" data-e-type=\"widget\" data-widget_type=\"icon-box.default\">\n\t\t\t\t<div class=\"elementor-widget-container\">\n\t\t\t\t\t\t\t<div class=\"elementor-icon-box-wrapper\">\n\n\t\t\t\t\t\t<div class=\"elementor-icon-box-icon\">\n\t\t\t\t<a href=\"https:\/\/vut.ac.za\/nso\/centre-for-alternative-energy\/\" class=\"elementor-icon\" tabindex=\"-1\" aria-label=\"Letlakala la gae\">\n\t\t\t\t<svg aria-hidden=\"true\" class=\"e-font-icon-svg e-fas-arrow-circle-right\" viewbox=\"0 0 512 512\" xmlns=\"http:\/\/www.w3.org\/2000\/svg\"><path d=\"M256 8c137 0 248 111 248 248S393 504 256 504 8 393 8 256 119 8 256 8zm-28.9 143.6l75.5 72.4H120c-13.3 0-24 10.7-24 24v16c0 13.3 10.7 24 24 24h182.6l-75.5 72.4c-9.7 9.3-9.9 24.8-.4 34.3l11 10.9c9.4 9.4 24.6 9.4 33.9 0L404.3 273c9.4-9.4 9.4-24.6 0-33.9L271.6 106.3c-9.4-9.4-24.6-9.4-33.9 0l-11 10.9c-9.5 9.6-9.3 25.1.4 34.4z\"><\/path><\/svg>\t\t\t\t<\/a>\n\t\t\t<\/div>\n\t\t\t\n\t\t\t\t\t\t<div class=\"elementor-icon-box-content\">\n\n\t\t\t\t\t\t\t\t\t<h3 class=\"elementor-icon-box-title\">\n\t\t\t\t\t\t<a href=\"https:\/\/vut.ac.za\/nso\/centre-for-alternative-energy\/\" >\n\t\t\t\t\t\t\tLetlakala la gae\t\t\t\t\t\t<\/a>\n\t\t\t\t\t<\/h3>\n\t\t\t\t\n\t\t\t\t\t\t\t\t\t<p class=\"elementor-icon-box-description\">\n\t\t\t\t\t\tCentre for Alternative Energy\t\t\t\t\t<\/p>\n\t\t\t\t\n\t\t\t<\/div>\n\t\t\t\n\t\t<\/div>\n\t\t\t\t\t\t<\/div>\n\t\t\t\t<\/div>\n\t\t\t\t<div class=\"elementor-element elementor-element-1783b384 elementor-position-inline-end elementor-mobile-position-inline-end elementor-view-default elementor-widget elementor-widget-icon-box\" data-id=\"1783b384\" data-element_type=\"widget\" data-e-type=\"widget\" data-widget_type=\"icon-box.default\">\n\t\t\t\t<div class=\"elementor-widget-container\">\n\t\t\t\t\t\t\t<div class=\"elementor-icon-box-wrapper\">\n\n\t\t\t\t\t\t<div class=\"elementor-icon-box-icon\">\n\t\t\t\t<a href=\"https:\/\/vut.ac.za\/nso\/research-centre-for-alternative-energy\/\" class=\"elementor-icon\" tabindex=\"-1\" aria-label=\"Nyaki\u0161i\u0161o\">\n\t\t\t\t<svg aria-hidden=\"true\" class=\"e-font-icon-svg e-fas-arrow-circle-right\" viewbox=\"0 0 512 512\" xmlns=\"http:\/\/www.w3.org\/2000\/svg\"><path d=\"M256 8c137 0 248 111 248 248S393 504 256 504 8 393 8 256 119 8 256 8zm-28.9 143.6l75.5 72.4H120c-13.3 0-24 10.7-24 24v16c0 13.3 10.7 24 24 24h182.6l-75.5 72.4c-9.7 9.3-9.9 24.8-.4 34.3l11 10.9c9.4 9.4 24.6 9.4 33.9 0L404.3 273c9.4-9.4 9.4-24.6 0-33.9L271.6 106.3c-9.4-9.4-24.6-9.4-33.9 0l-11 10.9c-9.5 9.6-9.3 25.1.4 34.4z\"><\/path><\/svg>\t\t\t\t<\/a>\n\t\t\t<\/div>\n\t\t\t\n\t\t\t\t\t\t<div class=\"elementor-icon-box-content\">\n\n\t\t\t\t\t\t\t\t\t<h3 class=\"elementor-icon-box-title\">\n\t\t\t\t\t\t<a href=\"https:\/\/vut.ac.za\/nso\/research-centre-for-alternative-energy\/\" >\n\t\t\t\t\t\t\tNyaki\u0161i\u0161o\t\t\t\t\t\t<\/a>\n\t\t\t\t\t<\/h3>\n\t\t\t\t\n\t\t\t\t\t\t\t\t\t<p class=\"elementor-icon-box-description\">\n\t\t\t\t\t\tExplore our innovative research and groundbreaking projects, driving progress and inspiring new ideas.\n\n\t\t\t\t\t<\/p>\n\t\t\t\t\n\t\t\t<\/div>\n\t\t\t\n\t\t<\/div>\n\t\t\t\t\t\t<\/div>\n\t\t\t\t<\/div>\n\t\t\t\t<div class=\"elementor-element elementor-element-437327a3 elementor-position-inline-end elementor-mobile-position-inline-end elementor-view-default elementor-widget elementor-widget-icon-box\" data-id=\"437327a3\" data-element_type=\"widget\" data-e-type=\"widget\" data-widget_type=\"icon-box.default\">\n\t\t\t\t<div class=\"elementor-widget-container\">\n\t\t\t\t\t\t\t<div class=\"elementor-icon-box-wrapper\">\n\n\t\t\t\t\t\t<div class=\"elementor-icon-box-icon\">\n\t\t\t\t<a href=\"https:\/\/vut.ac.za\/nso\/contact-centre-for-alternative-energy\/\" class=\"elementor-icon\" tabindex=\"-1\" aria-label=\"Kgokagana  le rena\">\n\t\t\t\t<svg aria-hidden=\"true\" class=\"e-font-icon-svg e-fas-arrow-circle-right\" viewbox=\"0 0 512 512\" xmlns=\"http:\/\/www.w3.org\/2000\/svg\"><path d=\"M256 8c137 0 248 111 248 248S393 504 256 504 8 393 8 256 119 8 256 8zm-28.9 143.6l75.5 72.4H120c-13.3 0-24 10.7-24 24v16c0 13.3 10.7 24 24 24h182.6l-75.5 72.4c-9.7 9.3-9.9 24.8-.4 34.3l11 10.9c9.4 9.4 24.6 9.4 33.9 0L404.3 273c9.4-9.4 9.4-24.6 0-33.9L271.6 106.3c-9.4-9.4-24.6-9.4-33.9 0l-11 10.9c-9.5 9.6-9.3 25.1.4 34.4z\"><\/path><\/svg>\t\t\t\t<\/a>\n\t\t\t<\/div>\n\t\t\t\n\t\t\t\t\t\t<div class=\"elementor-icon-box-content\">\n\n\t\t\t\t\t\t\t\t\t<h3 class=\"elementor-icon-box-title\">\n\t\t\t\t\t\t<a href=\"https:\/\/vut.ac.za\/nso\/contact-centre-for-alternative-energy\/\" >\n\t\t\t\t\t\t\tKgokagana  le rena\t\t\t\t\t\t<\/a>\n\t\t\t\t\t<\/h3>\n\t\t\t\t\n\t\t\t\t\t\t\t\t\t<p class=\"elementor-icon-box-description\">\n\t\t\t\t\t\tHave questions or need assistance? We\u2019re here to help!\t\t\t\t\t<\/p>\n\t\t\t\t\n\t\t\t<\/div>\n\t\t\t\n\t\t<\/div>\n\t\t\t\t\t\t<\/div>\n\t\t\t\t<\/div>\n\t\t\t\t\t<\/div>\n\t\t\t\t<\/div>\n\t\t\t\t<\/div>\n\t\t<div class=\"elementor-element elementor-element-71dd276 e-flex e-con-boxed e-con e-parent\" data-id=\"71dd276\" data-element_type=\"container\" data-e-type=\"container\">\n\t\t\t\t\t<div class=\"e-con-inner\">\n\t\t\t\t<div class=\"elementor-element elementor-element-3b34cc3 elementor-widget elementor-widget-heading\" data-id=\"3b34cc3\" data-element_type=\"widget\" data-e-type=\"widget\" data-widget_type=\"heading.default\">\n\t\t\t\t<div class=\"elementor-widget-container\">\n\t\t\t\t\t<h2 class=\"elementor-heading-title elementor-size-default\">Centre for Alternative Energy<\/h2>\t\t\t\t<\/div>\n\t\t\t\t<\/div>\n\t\t\t\t<div class=\"elementor-element elementor-element-ca94510 elementor-widget-divider--view-line elementor-widget elementor-widget-divider\" data-id=\"ca94510\" data-element_type=\"widget\" data-e-type=\"widget\" data-widget_type=\"divider.default\">\n\t\t\t\t<div class=\"elementor-widget-container\">\n\t\t\t\t\t\t\t<div class=\"elementor-divider\">\n\t\t\t<span class=\"elementor-divider-separator\">\n\t\t\t\t\t\t<\/span>\n\t\t<\/div>\n\t\t\t\t\t\t<\/div>\n\t\t\t\t<\/div>\n\t\t\t\t\t<\/div>\n\t\t\t\t<\/div>\n\t\t<div class=\"elementor-element elementor-element-f201658 e-flex e-con-boxed e-con e-parent\" data-id=\"f201658\" data-element_type=\"container\" data-e-type=\"container\" data-settings=\"{&quot;background_background&quot;:&quot;classic&quot;}\">\n\t\t\t\t\t<div class=\"e-con-inner\">\n\t\t<div class=\"elementor-element elementor-element-58b5cd2 e-con-full e-flex e-con e-child\" data-id=\"58b5cd2\" data-element_type=\"container\" data-e-type=\"container\">\n\t\t\t\t<div class=\"elementor-element elementor-element-6d6b318 elementor-widget elementor-widget-image\" data-id=\"6d6b318\" data-element_type=\"widget\" data-e-type=\"widget\" data-widget_type=\"image.default\">\n\t\t\t\t<div class=\"elementor-widget-container\">\n\t\t\t\t\t\t\t\t\t\t\t\t\t\t\t<img fetchpriority=\"high\" decoding=\"async\" width=\"1024\" height=\"674\" src=\"https:\/\/vut.ac.za\/wp-content\/uploads\/2024\/11\/Dr-Trudy-Sutherland-1024x674.jpg\" class=\"attachment-large size-large wp-image-8933\" alt=\"Dr Trudy Sutherland\" srcset=\"https:\/\/vut.ac.za\/wp-content\/uploads\/2024\/11\/Dr-Trudy-Sutherland-1024x674.jpg 1024w, https:\/\/vut.ac.za\/wp-content\/uploads\/2024\/11\/Dr-Trudy-Sutherland-300x197.jpg 300w, https:\/\/vut.ac.za\/wp-content\/uploads\/2024\/11\/Dr-Trudy-Sutherland-768x505.jpg 768w, https:\/\/vut.ac.za\/wp-content\/uploads\/2024\/11\/Dr-Trudy-Sutherland-1536x1010.jpg 1536w, https:\/\/vut.ac.za\/wp-content\/uploads\/2024\/11\/Dr-Trudy-Sutherland.jpg 2048w\" sizes=\"(max-width: 1024px) 100vw, 1024px\" title=\"Dr Trudy Sutherland \u2013 Vaal University of Technology\" \/>\t\t\t\t\t\t\t\t\t\t\t\t\t\t\t<\/div>\n\t\t\t\t<\/div>\n\t\t\t\t<\/div>\n\t\t<div class=\"elementor-element elementor-element-c41a27e e-con-full e-flex e-con e-child\" data-id=\"c41a27e\" data-element_type=\"container\" data-e-type=\"container\" data-settings=\"{&quot;background_background&quot;:&quot;classic&quot;}\">\n\t\t\t\t<div class=\"elementor-element elementor-element-fa9ab2a elementor-widget elementor-widget-heading\" data-id=\"fa9ab2a\" data-element_type=\"widget\" data-e-type=\"widget\" data-widget_type=\"heading.default\">\n\t\t\t\t<div class=\"elementor-widget-container\">\n\t\t\t\t\t<h2 class=\"elementor-heading-title elementor-size-default\"><br>Head of Centre<\/h2>\t\t\t\t<\/div>\n\t\t\t\t<\/div>\n\t\t\t\t<div class=\"elementor-element elementor-element-a7e8633 elementor-widget elementor-widget-heading\" data-id=\"a7e8633\" data-element_type=\"widget\" data-e-type=\"widget\" data-widget_type=\"heading.default\">\n\t\t\t\t<div class=\"elementor-widget-container\">\n\t\t\t\t\t<h2 class=\"elementor-heading-title elementor-size-default\">Dr Trudy Sutherland<\/h2>\t\t\t\t<\/div>\n\t\t\t\t<\/div>\n\t\t\t\t<div class=\"elementor-element elementor-element-2bcdc0b elementor-widget-divider--view-line elementor-widget elementor-widget-divider\" data-id=\"2bcdc0b\" data-element_type=\"widget\" data-e-type=\"widget\" data-widget_type=\"divider.default\">\n\t\t\t\t<div class=\"elementor-widget-container\">\n\t\t\t\t\t\t\t<div class=\"elementor-divider\">\n\t\t\t<span class=\"elementor-divider-separator\">\n\t\t\t\t\t\t<\/span>\n\t\t<\/div>\n\t\t\t\t\t\t<\/div>\n\t\t\t\t<\/div>\n\t\t\t\t<div class=\"elementor-element elementor-element-f9fe2b4 elementor-widget elementor-widget-text-editor\" data-id=\"f9fe2b4\" data-element_type=\"widget\" data-e-type=\"widget\" data-widget_type=\"text-editor.default\">\n\t\t\t\t<div class=\"elementor-widget-container\">\n\t\t\t\t\t\t\t\t\t<p>Welcome to the Centre for Alternative Energy, where innovation meets sustainability to power a brighter future. Situated at the forefront of cutting-edge research and development, our centre serves as a beacon for those seeking sustainable solutions to the world\u2019s energy challenges. We are steadfastly committed to advancing renewable resources and continuing our journey towards a cleaner, greener tomorrow.<\/p>\t\t\t\t\t\t\t\t<\/div>\n\t\t\t\t<\/div>\n\t\t\t\t<\/div>\n\t\t\t\t\t<\/div>\n\t\t\t\t<\/div>\n\t\t<div class=\"elementor-element elementor-element-33ec99d5 e-flex e-con-boxed e-con e-parent\" data-id=\"33ec99d5\" data-element_type=\"container\" data-e-type=\"container\">\n\t\t\t\t\t<div class=\"e-con-inner\">\n\t\t<div class=\"elementor-element elementor-element-fca6b7f e-con-full e-flex e-con e-child\" data-id=\"fca6b7f\" data-element_type=\"container\" data-e-type=\"container\">\n\t\t\t\t<div class=\"elementor-element elementor-element-5f5d9181 elementor-hidden-mobile elementor-widget elementor-widget-image\" data-id=\"5f5d9181\" data-element_type=\"widget\" data-e-type=\"widget\" data-widget_type=\"image.default\">\n\t\t\t\t<div class=\"elementor-widget-container\">\n\t\t\t\t\t\t\t\t\t\t\t\t\t\t\t<img decoding=\"async\" width=\"10\" height=\"100\" src=\"https:\/\/vut.ac.za\/wp-content\/uploads\/2024\/09\/human-sicence.jpg\" class=\"attachment-large size-large wp-image-425\" alt=\"\" title=\"human-sicence \u2013 Vaal University of Technology\" \/>\t\t\t\t\t\t\t\t\t\t\t\t\t\t\t<\/div>\n\t\t\t\t<\/div>\n\t\t\t\t<\/div>\n\t\t<div class=\"elementor-element elementor-element-28106408 e-con-full e-flex e-con e-child\" data-id=\"28106408\" data-element_type=\"container\" data-e-type=\"container\">\n\t\t\t\t<div class=\"elementor-element elementor-element-0cb63e9 elementor-widget elementor-widget-text-editor\" data-id=\"0cb63e9\" data-element_type=\"widget\" data-e-type=\"widget\" data-widget_type=\"text-editor.default\">\n\t\t\t\t<div class=\"elementor-widget-container\">\n\t\t\t\t\t\t\t\t\t<p>At the heart of our mission lies a dedication to harnessing the boundless potential of alternative energy sources. From solar and wind to geothermal and hydrogen power, we explore a wide spectrum of renewable technologies \u2014 pushing the boundaries of possibility to usher in a new era of sustainable energy production.<\/p><p>Our interdisciplinary approach fosters collaboration among scientists, engineers, policymakers, and visionaries, all working together toward a unified vision of a sustainable energy landscape. Through research initiatives, educational programmes, and community outreach, we empower individuals and organisations alike to embrace renewable practices and participate in the energy revolution.<\/p><p>By cultivating a culture of innovation and environmental stewardship, we aim to catalyse meaningful change on a global scale \u2014 paving the way for a future powered by clean, renewable energy. Join us on this transformative journey, where sustainability, progress, and innovation converge.<\/p><p><strong>Career Opportunities in Alternative Energy<\/strong><br \/>The alternative energy sector offers a wide range of career paths for individuals passionate about sustainability, innovation, and environmental impact. Here are key roles within the field:<\/p><p><strong>Renewable Energy Engineer: <\/strong>Designs, develops, and optimises systems that harness solar, wind, hydroelectric, and geothermal energy. Engineers in this field contribute to creating efficient, cost-effective renewable energy solutions.<\/p><p><strong>Solar Energy Technician \/ Installer: <\/strong>Installs, maintains, and repairs solar panel systems in residential, commercial, and industrial settings. Ensures proper functionality and safety of solar infrastructure.<\/p><p><strong>Wind Turbine Technician: <\/strong>Installs and services wind turbines, performs regular maintenance, and troubleshoots mechanical or electrical issues to maintain peak turbine performance.<\/p><p><strong>Energy Analyst: <\/strong>Analyses energy usage and performance data to identify efficiency opportunities. Often works with consultancies, government agencies, or energy firms.<\/p><p><strong>Energy Policy Analyst \/ Planner: <\/strong>Assesses the impact of energy policies and recommends sustainable energy strategies at local, national, or international levels.<\/p><p><strong>Research Scientist: <\/strong>Conducts research to advance the development of new materials, systems, and processes to enhance renewable energy technologies.<\/p><p><strong>Environmental Engineer: <\/strong>Designs pollution control systems, assesses environmental impact, and develops sustainable practices for energy production and use.<\/p><p><strong>Project Manager: <\/strong>Leads renewable energy projects from planning to execution, managing timelines, budgets, and teams to ensure successful project delivery.<\/p><p><strong>Energy Consultant: <\/strong>Advises clients on energy efficiency, renewable options, and sustainability initiatives, often bridging the gap between innovation and implementation.<\/p><p><strong>Green Building Specialist: <\/strong>Focuses on creating sustainable building designs that integrate renewable energy systems and minimise environmental impact.<\/p>\t\t\t\t\t\t\t\t<\/div>\n\t\t\t\t<\/div>\n\t\t\t\t<\/div>\n\t\t\t\t\t<\/div>\n\t\t\t\t<\/div>\n\t\t<div class=\"elementor-element elementor-element-13cff75 e-flex e-con-boxed e-con e-parent\" data-id=\"13cff75\" data-element_type=\"container\" data-e-type=\"container\">\n\t\t\t\t\t<div class=\"e-con-inner\">\n\t\t<div class=\"elementor-element elementor-element-86b1646 e-con-full e-flex e-con e-child\" data-id=\"86b1646\" data-element_type=\"container\" data-e-type=\"container\" data-settings=\"{&quot;background_background&quot;:&quot;classic&quot;}\">\n\t\t\t\t<div class=\"elementor-element elementor-element-5e498d2 elementor-widget elementor-widget-heading\" data-id=\"5e498d2\" data-element_type=\"widget\" data-e-type=\"widget\" data-widget_type=\"heading.default\">\n\t\t\t\t<div class=\"elementor-widget-container\">\n\t\t\t\t\t<h2 class=\"elementor-heading-title elementor-size-default\">T\u0161homi\u0161ano le Set\u0161haba<\/h2>\t\t\t\t<\/div>\n\t\t\t\t<\/div>\n\t\t\t\t<div class=\"elementor-element elementor-element-6532a95 elementor-widget elementor-widget-text-editor\" data-id=\"6532a95\" data-element_type=\"widget\" data-e-type=\"widget\" data-widget_type=\"text-editor.default\">\n\t\t\t\t<div class=\"elementor-widget-container\">\n\t\t\t\t\t\t\t\t\t<p class=\"\" data-start=\"172\" data-end=\"506\">The <strong data-start=\"176\" data-end=\"207\">Vaal River City Development<\/strong> is a collaborative initiative between the <strong data-start=\"250\" data-end=\"289\">Vaal University of Technology (VUT)<\/strong>, <strong data-start=\"291\" data-end=\"322\">North-West University (NWU)<\/strong>, and the <strong data-start=\"332\" data-end=\"360\">Vaal Economic Zone (VEZ)<\/strong>. A memorandum of understanding has been signed to formalise this strategic partnership, signalling a unified commitment to advancing the project.<\/p><p class=\"\" data-start=\"508\" data-end=\"816\">Currently in its developmental stages, the inaugural project is progressing steadily. This venture not only reflects the strength of collaboration between higher education institutions and regional economic bodies but also holds the promise of significant <strong data-start=\"764\" data-end=\"797\">phetogo ya t\u0161a leago le boiphedi\u0161o<\/strong> within the region.<\/p><p class=\"\" data-start=\"818\" data-end=\"1002\">The Vaal River City Development stands as a model for academia-industry partnerships, poised to foster innovation, investment, and sustainable growth for the Vaal community and beyond.<\/p>\t\t\t\t\t\t\t\t<\/div>\n\t\t\t\t<\/div>\n\t\t\t\t<\/div>\n\t\t<div class=\"elementor-element elementor-element-3dc710c e-con-full e-flex e-con e-child\" data-id=\"3dc710c\" data-element_type=\"container\" data-e-type=\"container\" data-settings=\"{&quot;background_background&quot;:&quot;classic&quot;}\">\n\t\t\t\t<div class=\"elementor-element elementor-element-94bc3b2 elementor-widget elementor-widget-heading\" data-id=\"94bc3b2\" data-element_type=\"widget\" data-e-type=\"widget\" data-widget_type=\"heading.default\">\n\t\t\t\t<div class=\"elementor-widget-container\">\n\t\t\t\t\t<h2 class=\"elementor-heading-title elementor-size-default\">Baithuti ba kgale<\/h2>\t\t\t\t<\/div>\n\t\t\t\t<\/div>\n\t\t\t\t<div class=\"elementor-element elementor-element-d0f698f elementor-widget elementor-widget-text-editor\" data-id=\"d0f698f\" data-element_type=\"widget\" data-e-type=\"widget\" data-widget_type=\"text-editor.default\">\n\t\t\t\t<div class=\"elementor-widget-container\">\n\t\t\t\t\t\t\t\t\t<p data-raofz=\"15\">Mr Duvenage, EE Graduate of 2023<\/p><p data-raofz=\"15\">Mr Makgai, ML Graduate of 2023<\/p><p data-raofz=\"15\">Mr Maloka, TV Graduate of 2023<\/p><p data-raofz=\"15\">Mr Matlatle LJ Graduate of 2023<\/p><p data-raofz=\"15\">Mr Motale, LP Graduate of 2023<\/p><p data-raofz=\"15\">Mr Mwamba, SN Graduate of 2023<\/p>\t\t\t\t\t\t\t\t<\/div>\n\t\t\t\t<\/div>\n\t\t\t\t<\/div>\n\t\t\t\t\t<\/div>\n\t\t\t\t<\/div>\n\t\t\t\t<\/div>","protected":false},"excerpt":{"rendered":"<p>Centre for Alternative Energy At the Centre of Alternative Energy, we are dedicated to advancing renewable energy sources such as [&hellip;]<\/p>\n","protected":false},"author":8,"featured_media":0,"parent":0,"menu_order":0,"comment_status":"closed","ping_status":"closed","template":"","meta":{"site-sidebar-layout":"no-sidebar","site-content-layout":"","ast-site-content-layout":"full-width-container","site-content-style":"default","site-sidebar-style":"default","ast-global-header-display":"","ast-banner-title-visibility":"","ast-main-header-display":"","ast-hfb-above-header-display":"","ast-hfb-below-header-display":"","ast-hfb-mobile-header-display":"","site-post-title":"disabled","ast-breadcrumbs-content":"","ast-featured-img":"disabled","footer-sml-layout":"","ast-disable-related-posts":"","theme-transparent-header-meta":"","adv-header-id-meta":"","stick-header-meta":"","header-above-stick-meta":"","header-main-stick-meta":"","header-below-stick-meta":"","astra-migrate-meta-layouts":"default","ast-page-background-enabled":"default","ast-page-background-meta":{"desktop":{"background-color":"var(--ast-global-color-4)","background-image":"","background-repeat":"repeat","background-position":"center center","background-size":"auto","background-attachment":"scroll","background-type":"","background-media":"","overlay-type":"","overlay-color":"","overlay-opacity":"","overlay-gradient":""},"tablet":{"background-color":"","background-image":"","background-repeat":"repeat","background-position":"center center","background-size":"auto","background-attachment":"scroll","background-type":"","background-media":"","overlay-type":"","overlay-color":"","overlay-opacity":"","overlay-gradient":""},"mobile":{"background-color":"","background-image":"","background-repeat":"repeat","background-position":"center center","background-size":"auto","background-attachment":"scroll","background-type":"","background-media":"","overlay-type":"","overlay-color":"","overlay-opacity":"","overlay-gradient":""}},"ast-content-background-meta":{"desktop":{"background-color":"var(--ast-global-color-5)","background-image":"","background-repeat":"repeat","background-position":"center center","background-size":"auto","background-attachment":"scroll","background-type":"","background-media":"","overlay-type":"","overlay-color":"","overlay-opacity":"","overlay-gradient":""},"tablet":{"background-color":"var(--ast-global-color-5)","background-image":"","background-repeat":"repeat","background-position":"center center","background-size":"auto","background-attachment":"scroll","background-type":"","background-media":"","overlay-type":"","overlay-color":"","overlay-opacity":"","overlay-gradient":""},"mobile":{"background-color":"var(--ast-global-color-5)","background-image":"","background-repeat":"repeat","background-position":"center center","background-size":"auto","background-attachment":"scroll","background-type":"","background-media":"","overlay-type":"","overlay-color":"","overlay-opacity":"","overlay-gradient":""}},"footnotes":""},"categories":[74,52],"tags":[204,205],"class_list":["post-4216","page","type-page","status-publish","hentry","category-centre-for-alternative-energy","category-faculty-of-engineering-and-technology","tag-centre-for-alternative-energy","tag-fet"],"aioseo_notices":[],"_links":{"self":[{"href":"https:\/\/vut.ac.za\/nso\/wp-json\/wp\/v2\/pages\/4216","targetHints":{"allow":["GET"]}}],"collection":[{"href":"https:\/\/vut.ac.za\/nso\/wp-json\/wp\/v2\/pages"}],"about":[{"href":"https:\/\/vut.ac.za\/nso\/wp-json\/wp\/v2\/types\/page"}],"author":[{"embeddable":true,"href":"https:\/\/vut.ac.za\/nso\/wp-json\/wp\/v2\/users\/8"}],"replies":[{"embeddable":true,"href":"https:\/\/vut.ac.za\/nso\/wp-json\/wp\/v2\/comments?post=4216"}],"version-history":[{"count":2,"href":"https:\/\/vut.ac.za\/nso\/wp-json\/wp\/v2\/pages\/4216\/revisions"}],"predecessor-version":[{"id":22421,"href":"https:\/\/vut.ac.za\/nso\/wp-json\/wp\/v2\/pages\/4216\/revisions\/22421"}],"wp:attachment":[{"href":"https:\/\/vut.ac.za\/nso\/wp-json\/wp\/v2\/media?parent=4216"}],"wp:term":[{"taxonomy":"category","embeddable":true,"href":"https:\/\/vut.ac.za\/nso\/wp-json\/wp\/v2\/categories?post=4216"},{"taxonomy":"post_tag","embeddable":true,"href":"https:\/\/vut.ac.za\/nso\/wp-json\/wp\/v2\/tags?post=4216"}],"curies":[{"name":"wp","href":"https:\/\/api.w.org\/{rel}","templated":true}]}}