{"id":980,"date":"2024-10-10T08:18:02","date_gmt":"2024-10-10T08:18:02","guid":{"rendered":"https:\/\/vut.ac.za\/?page_id=980"},"modified":"2025-06-17T09:34:03","modified_gmt":"2025-06-17T09:34:03","slug":"welcome","status":"publish","type":"page","link":"https:\/\/vut.ac.za\/nso\/welcome\/","title":{"rendered":"Kamogelo"},"content":{"rendered":"<div data-elementor-type=\"wp-page\" data-elementor-id=\"980\" class=\"elementor elementor-980\" data-elementor-post-type=\"page\">\n\t\t\t\t<div class=\"elementor-element elementor-element-63e9140 e-con-full e-flex e-con e-parent\" data-id=\"63e9140\" data-element_type=\"container\" data-e-type=\"container\" data-settings=\"{&quot;background_background&quot;:&quot;classic&quot;}\">\n\t\t<div class=\"elementor-element elementor-element-f9a8815 e-con-full e-flex e-con e-child\" data-id=\"f9a8815\" data-element_type=\"container\" data-e-type=\"container\" data-settings=\"{&quot;background_background&quot;:&quot;classic&quot;}\">\n\t\t\t\t<div class=\"elementor-element elementor-element-43952c8 elementor-widget elementor-widget-heading\" data-id=\"43952c8\" data-element_type=\"widget\" data-e-type=\"widget\" data-widget_type=\"heading.default\">\n\t\t\t\t<div class=\"elementor-widget-container\">\n\t\t\t\t\t<h2 class=\"elementor-heading-title elementor-size-default\">Kamogelo<\/h2>\t\t\t\t<\/div>\n\t\t\t\t<\/div>\n\t\t\t\t<div class=\"elementor-element elementor-element-00fffd0 elementor-widget elementor-widget-text-editor\" data-id=\"00fffd0\" data-element_type=\"widget\" data-e-type=\"widget\" data-widget_type=\"text-editor.default\">\n\t\t\t\t<div class=\"elementor-widget-container\">\n\t\t\t\t\t\t\t\t\t<p>Re a le amogela letlakaleng la rena la yunibesithi, moo o ka ithutago ka botlalo gore re bomang le gore re emela eng.<\/p>\t\t\t\t\t\t\t\t<\/div>\n\t\t\t\t<\/div>\n\t\t\t\t<\/div>\n\t\t<div class=\"elementor-element elementor-element-7b2713c e-con-full e-flex e-con e-child\" data-id=\"7b2713c\" data-element_type=\"container\" data-e-type=\"container\">\n\t\t\t\t<\/div>\n\t\t\t\t<\/div>\n\t\t<div class=\"elementor-element elementor-element-43a5399 e-flex e-con-boxed e-con e-parent\" data-id=\"43a5399\" data-element_type=\"container\" data-e-type=\"container\">\n\t\t\t\t\t<div class=\"e-con-inner\">\n\t\t\t\t<div class=\"elementor-element elementor-element-600b053 elementor-widget elementor-widget-heading\" data-id=\"600b053\" data-element_type=\"widget\" data-e-type=\"widget\" data-widget_type=\"heading.default\">\n\t\t\t\t<div class=\"elementor-widget-container\">\n\t\t\t\t\t<h2 class=\"elementor-heading-title elementor-size-default\">Re a go amogela Yunibesithing ya Theknolot\u0161i ya Vaal<\/h2>\t\t\t\t<\/div>\n\t\t\t\t<\/div>\n\t\t\t\t<div class=\"elementor-element elementor-element-5d5725b elementor-widget-divider--view-line elementor-widget elementor-widget-divider\" data-id=\"5d5725b\" data-element_type=\"widget\" data-e-type=\"widget\" data-widget_type=\"divider.default\">\n\t\t\t\t<div class=\"elementor-widget-container\">\n\t\t\t\t\t\t\t<div class=\"elementor-divider\">\n\t\t\t<span class=\"elementor-divider-separator\">\n\t\t\t\t\t\t<\/span>\n\t\t<\/div>\n\t\t\t\t\t\t<\/div>\n\t\t\t\t<\/div>\n\t\t\t\t\t<\/div>\n\t\t\t\t<\/div>\n\t\t<div class=\"elementor-element elementor-element-0c3aabe e-flex e-con-boxed e-con e-parent\" data-id=\"0c3aabe\" data-element_type=\"container\" data-e-type=\"container\" data-settings=\"{&quot;background_background&quot;:&quot;classic&quot;}\">\n\t\t\t\t\t<div class=\"e-con-inner\">\n\t\t<div class=\"elementor-element elementor-element-632dff8 e-con-full e-flex e-con e-child\" data-id=\"632dff8\" data-element_type=\"container\" data-e-type=\"container\" data-settings=\"{&quot;background_background&quot;:&quot;classic&quot;}\">\n\t\t\t\t<div class=\"elementor-element elementor-element-19edaa2 elementor-widget elementor-widget-heading\" data-id=\"19edaa2\" data-element_type=\"widget\" data-e-type=\"widget\" data-widget_type=\"heading.default\">\n\t\t\t\t<div class=\"elementor-widget-container\">\n\t\t\t\t\t<h2 class=\"elementor-heading-title elementor-size-default\">Leeto<\/h2>\t\t\t\t<\/div>\n\t\t\t\t<\/div>\n\t\t\t\t<div class=\"elementor-element elementor-element-efd0899 elementor-widget elementor-widget-text-editor\" data-id=\"efd0899\" data-element_type=\"widget\" data-e-type=\"widget\" data-widget_type=\"text-editor.default\">\n\t\t\t\t<div class=\"elementor-widget-container\">\n\t\t\t\t\t\t\t\t\t<p>Ngwaga wa 2024 ke se\u0161upo sa mengwaga ye 20 ya go ba gona ga Yunibesithi ya Theknolot\u0161i ya Vaal.<\/p>\t\t\t\t\t\t\t\t<\/div>\n\t\t\t\t<\/div>\n\t\t\t\t<\/div>\n\t\t<div class=\"elementor-element elementor-element-edbfbc6 e-con-full e-flex e-con e-child\" data-id=\"edbfbc6\" data-element_type=\"container\" data-e-type=\"container\">\n\t\t\t\t<div class=\"elementor-element elementor-element-5dd1feb elementor-widget elementor-widget-text-editor\" data-id=\"5dd1feb\" data-element_type=\"widget\" data-e-type=\"widget\" data-widget_type=\"text-editor.default\">\n\t\t\t\t<div class=\"elementor-widget-container\">\n\t\t\t\t\t\t\t\t\t<p>Yunibesithi e hlomilwe la mathomo bjalo ka Kholet\u0161he ya Thuto ya Sethekniki ya Maemo a Godimo ka 1966 gomme ka morago ya fetogela go Technikon ka 1979. Ka peakanyoleswa ya sebopego sa thuto ya godimo, setheo se ile sa ba Yunibesithi ya Theknolot\u0161i ka 2004 gomme se bone kgolo ye kgolo medirong le phihlelelong go tloga ka nako yeo. Yunibesithi ga bjale e ikgant\u0161ha ka baithuti ba go balelwa go 20 000.\n\nSe ke bohlatse bja boikgafo bja setheo go thuto, boitlhamelo, le bokgoni bjo bo phagamego lefapheng la theknolot\u0161i. Digopot\u0161o t\u0161e bjalo ga se fela t\u0161a go nagani\u0161i\u0161a ka ga dikatlego t\u0161a nakong ye e fetilego eup\u0161a gape ke go lebelela pele go t\u0161welopele ya ka moso le go kgatha tema lefaseng la theknolot\u0161i le thuto.<\/p>\t\t\t\t\t\t\t\t<\/div>\n\t\t\t\t<\/div>\n\t\t\t\t<\/div>\n\t\t\t\t\t<\/div>\n\t\t\t\t<\/div>\n\t\t<div class=\"elementor-element elementor-element-94eb6e4 e-flex e-con-boxed e-con e-parent\" data-id=\"94eb6e4\" data-element_type=\"container\" data-e-type=\"container\">\n\t\t\t\t\t<div class=\"e-con-inner\">\n\t\t\t\t<div class=\"elementor-element elementor-element-15000df e-n-tabs-mobile elementor-widget elementor-widget-n-tabs\" data-id=\"15000df\" data-element_type=\"widget\" data-e-type=\"widget\" data-settings=\"{&quot;horizontal_scroll&quot;:&quot;disable&quot;}\" data-widget_type=\"nested-tabs.default\">\n\t\t\t\t<div class=\"elementor-widget-container\">\n\t\t\t\t\t\t\t<div class=\"e-n-tabs\" data-widget-number=\"22020319\" aria-label=\"Tabs. Open items with Enter or Space, close with Escape and navigate using the Arrow keys.\" data-no-translation-aria-label=\"\">\n\t\t\t<div class=\"e-n-tabs-heading\" role=\"tablist\">\n\t\t\t\t\t<button id=\"e-n-tab-title-220203191\" data-tab-title-id=\"e-n-tab-title-220203191\" class=\"e-n-tab-title\" aria-selected=\"true\" data-tab-index=\"1\" role=\"tab\" tabindex=\"0\" aria-controls=\"e-n-tab-content-220203191\" style=\"--n-tabs-title-order: 1;\">\n\t\t\t\t\t\t<span class=\"e-n-tab-title-text\">\n\t\t\t\tDiphihlelelo t\u0161a thuto le katlego ya go feta Diphihlelelo t\u0161a thuto le katlego ya hwet\u0161a mangwalo a thuto.\t\t\t<\/span>\n\t\t<\/button>\n\t\t\t\t<button id=\"e-n-tab-title-220203192\" data-tab-title-id=\"e-n-tab-title-220203192\" class=\"e-n-tab-title\" aria-selected=\"false\" data-tab-index=\"2\" role=\"tab\" tabindex=\"-1\" aria-controls=\"e-n-tab-content-220203192\" style=\"--n-tabs-title-order: 2;\">\n\t\t\t\t\t\t<span class=\"e-n-tab-title-text\">\n\t\t\t\tSetlabela sa dialoga t\u0161a bagwebi ba go diri\u0161a theknolot\u0161i le bahlami.\t\t\t<\/span>\n\t\t<\/button>\n\t\t\t\t<button id=\"e-n-tab-title-220203193\" data-tab-title-id=\"e-n-tab-title-220203193\" class=\"e-n-tab-title\" aria-selected=\"false\" data-tab-index=\"3\" role=\"tab\" tabindex=\"-1\" aria-controls=\"e-n-tab-content-220203193\" style=\"--n-tabs-title-order: 3;\">\n\t\t\t\t\t\t<span class=\"e-n-tab-title-text\">\n\t\t\t\tDinyaki\u0161i\u0161o t\u0161a boitlhamelo.\t\t\t<\/span>\n\t\t<\/button>\n\t\t\t\t<button id=\"e-n-tab-title-220203194\" data-tab-title-id=\"e-n-tab-title-220203194\" class=\"e-n-tab-title\" aria-selected=\"false\" data-tab-index=\"4\" role=\"tab\" tabindex=\"-1\" aria-controls=\"e-n-tab-content-220203194\" style=\"--n-tabs-title-order: 4;\">\n\t\t\t\t\t\t<span class=\"e-n-tab-title-text\">\n\t\t\t\tIndustry Partnerships\t\t\t<\/span>\n\t\t<\/button>\n\t\t\t\t\t<\/div>\n\t\t\t<div class=\"e-n-tabs-content\">\n\t\t\t\t<div id=\"e-n-tab-content-220203191\" role=\"tabpanel\" aria-labelledby=\"e-n-tab-title-220203191\" data-tab-index=\"1\" style=\"--n-tabs-title-order: 1;\" class=\"e-active elementor-element elementor-element-ef80841 e-con-full e-flex e-con e-child\" data-id=\"ef80841\" data-element_type=\"container\" data-e-type=\"container\">\n\t\t\t\t<div class=\"elementor-element elementor-element-efcd3ac elementor-widget elementor-widget-text-editor\" data-id=\"efcd3ac\" data-element_type=\"widget\" data-e-type=\"widget\" data-widget_type=\"text-editor.default\">\n\t\t\t\t<div class=\"elementor-widget-container\">\n\t\t\t\t\t\t\t\t\t<p>\u00a0<\/p><p>Throughout the years, VUT has and continues to offer an expansive\u00a0catalogue of industry tailored undergraduate and postgraduate programmes\u00a0which span the fields of Applied and Computer Sciences,\u00a0Engineering and Technology, Human Sciences and Management Sciences.\u00a0Our diverse Programme Qualification Mix (PQM) caters to a\u00a0wide range of students with interests and ambitions in various disciplines.\u00a0<\/p><p>Our innovative learning method facilitated by committed and esteemed\u00a0thought leaders is the reason our institution has remained a\u00a0reputable contributor to the country\u2019s knowledge edifice over the two\u00a0decades. We proudly celebrate the vibrant tapestry of success woven\u00a0by our esteemed alumni by shining a spotlight on the invaluable contributions\u00a0of these accomplished individuals who once walked our\u00a0halls and now stride confidently in diverse fields locally and internationally.\u00a0From groundbreaking innovations to transformative leadership\u00a0roles, our alumni exemplify the embodiment of our institution\u2019s\u00a0commitment to nurturing talent and fostering lifelong connections.<\/p>\t\t\t\t\t\t\t\t<\/div>\n\t\t\t\t<\/div>\n\t\t\t\t<\/div>\n\t\t<div id=\"e-n-tab-content-220203192\" role=\"tabpanel\" aria-labelledby=\"e-n-tab-title-220203192\" data-tab-index=\"2\" style=\"--n-tabs-title-order: 2;\" class=\"elementor-element elementor-element-059fb9f e-con-full e-flex e-con e-child\" data-id=\"059fb9f\" data-element_type=\"container\" data-e-type=\"container\">\n\t\t\t\t<div class=\"elementor-element elementor-element-34660c5 elementor-widget elementor-widget-text-editor\" data-id=\"34660c5\" data-element_type=\"widget\" data-e-type=\"widget\" data-widget_type=\"text-editor.default\">\n\t\t\t\t<div class=\"elementor-widget-container\">\n\t\t\t\t\t\t\t\t\t<p>Re hwet\u0161agala lefelong la histori ya Intastriale, re na le pono ya go hlohlelet\u0161a \u201cGo ithuta le Boitlhamelo bja Mahlale a Dit\u0161hithale le T\u0161welopele ye e Swarelelago ya Intastriale le Diphetogo t\u0161a Ekonomi ya Selegae\u201d. Morero wa rena ke go t\u0161welet\u0161a dialoga t\u0161a bogwebi bja theknolot\u0161i le boitlhamelo t\u0161eo di tla \u0161u\u0161umet\u0161ago diphetogo t\u0161a go kwagala set\u0161habeng sa go swarelela le go atlega, intastering le kgwebong. Go fihlelela se, re fana ka go ruta le go ithuta go go okedit\u0161wego ka theknolot\u0161i, bophelo bjo bo botse le dit\u0161haba t\u0161a go ithuta, nyaki\u0161i\u0161o ya khuet\u0161o ya godimo le boitlhamelo bjo bo t\u0161eagokarolo tharollong ya mathata a set\u0161haba le intasteri.<\/p>\t\t\t\t\t\t\t\t<\/div>\n\t\t\t\t<\/div>\n\t\t\t\t<\/div>\n\t\t<div id=\"e-n-tab-content-220203193\" role=\"tabpanel\" aria-labelledby=\"e-n-tab-title-220203193\" data-tab-index=\"3\" style=\"--n-tabs-title-order: 3;\" class=\"elementor-element elementor-element-edbcec0 e-con-full e-flex e-con e-child\" data-id=\"edbcec0\" data-element_type=\"container\" data-e-type=\"container\">\n\t\t\t\t<div class=\"elementor-element elementor-element-cf0837f elementor-widget elementor-widget-text-editor\" data-id=\"cf0837f\" data-element_type=\"widget\" data-e-type=\"widget\" data-widget_type=\"text-editor.default\">\n\t\t\t\t<div class=\"elementor-widget-container\">\n\t\t\t\t\t\t\t\t\t<p>With several centres of excellence and NRF-rated professors, we pride ourselves with being associated with world-class academics and researchers who not only produce ground-breaking research that solves real life problems, but also empower aspiring researchers to engage the most experienced minds in several research fields as their aides.<\/p><p>We are the only university in South Africa that fully owns a Science and Technology Park which is home to the Technology Transfer and Innovation which is a strategic technology hub that endeavors to promote SMMEs and industrial competitiveness. Its strategic location (Sebokeng), available infrastructure as well as the current entrepreneurial culture make it an ideal implementing agency for driving regional government programmes within the Southern Gauteng region.<\/p><p>The VUT Law Clinic which is also housed at the same precinct, offers free legal services to the indigent members of the Emfuleni community on matters related to Domestic Violence, Maintenance, Divorces, Drafting of Wills, Children\u2019s Court, Social justice issues such as the right to housing and unlawful evictions as well as labour related issues especially unfair dismissal.<\/p>\t\t\t\t\t\t\t\t<\/div>\n\t\t\t\t<\/div>\n\t\t\t\t<\/div>\n\t\t<div id=\"e-n-tab-content-220203194\" role=\"tabpanel\" aria-labelledby=\"e-n-tab-title-220203194\" data-tab-index=\"4\" style=\"--n-tabs-title-order: 4;\" class=\"elementor-element elementor-element-c3749b2 e-flex e-con-boxed e-con e-child\" data-id=\"c3749b2\" data-element_type=\"container\" data-e-type=\"container\">\n\t\t\t\t\t<div class=\"e-con-inner\">\n\t\t<div class=\"elementor-element elementor-element-1a609b5 e-con-full e-flex e-con e-child\" data-id=\"1a609b5\" data-element_type=\"container\" data-e-type=\"container\">\n\t\t\t\t<div class=\"elementor-element elementor-element-91941f0 elementor-widget elementor-widget-text-editor\" data-id=\"91941f0\" data-element_type=\"widget\" data-e-type=\"widget\" data-widget_type=\"text-editor.default\">\n\t\t\t\t<div class=\"elementor-widget-container\">\n\t\t\t\t\t\t\t\t\t<p>The university proactively forges collaborations with industries to ensure relevance and applicability of education and research. These relationships with partners from industry, commerce, professional bodies and communities across South Africa also enrich our academic and research endeavors and enhance the value of our qualifications.<\/p>\t\t\t\t\t\t\t\t<\/div>\n\t\t\t\t<\/div>\n\t\t\t\t<\/div>\n\t\t\t\t\t<\/div>\n\t\t\t\t<\/div>\n\t\t\t\t\t<\/div>\n\t\t<\/div>\n\t\t\t\t\t\t<\/div>\n\t\t\t\t<\/div>\n\t\t\t\t\t<\/div>\n\t\t\t\t<\/div>\n\t\t<div class=\"elementor-element elementor-element-458af64 e-flex e-con-boxed e-con e-parent\" data-id=\"458af64\" data-element_type=\"container\" data-e-type=\"container\" data-settings=\"{&quot;background_background&quot;:&quot;classic&quot;}\">\n\t\t\t\t\t<div class=\"e-con-inner\">\n\t\t<div class=\"elementor-element elementor-element-9f90b81 e-con-full e-flex e-con e-child\" data-id=\"9f90b81\" data-element_type=\"container\" data-e-type=\"container\">\n\t\t\t\t<div class=\"elementor-element elementor-element-55133fb elementor-widget elementor-widget-heading\" data-id=\"55133fb\" data-element_type=\"widget\" data-e-type=\"widget\" data-widget_type=\"heading.default\">\n\t\t\t\t<div class=\"elementor-widget-container\">\n\t\t\t\t\t<h2 class=\"elementor-heading-title elementor-size-default\">T\u0161homi\u0161ano le Set\u0161haba<\/h2>\t\t\t\t<\/div>\n\t\t\t\t<\/div>\n\t\t\t\t<div class=\"elementor-element elementor-element-5a9b202 elementor-widget elementor-widget-text-editor\" data-id=\"5a9b202\" data-element_type=\"widget\" data-e-type=\"widget\" data-widget_type=\"text-editor.default\">\n\t\t\t\t<div class=\"elementor-widget-container\">\n\t\t\t\t\t\t\t\t\t<p>Tlhokego ya go godi\u0161a dikamano t\u0161e di nago le mohola magareng ga ditheo t\u0161a thuto le dit\u0161haba t\u0161a kgauswi, e bile ntlha ya poledi\u0161ano  mengwageng ya go feta. Ka kgoro ya rena ya go T\u0161homi\u0161ano le Set\u0161haba, VUT e t\u0161wela pele go kgatha tema ye bohlokwa go t\u0161wet\u0161apele maikarabelo a leago, go tlemana le set\u0161haba, le tlhabollo ya go ya go ile dit\u0161habeng t\u0161e di nabilego t\u0161a kgauswi go hlola khuet\u0161o ye botse le thuto ya go hola batho ka moka. Go tlalelet\u0161a go neela morago set\u0161habeng, maitapi\u0161o a bjalo a sepelelana, le go thekgwa ke ye nngwe ya maano a yunibesithi a Dikokwane t\u0161a Borutegi bja go Tsenela Leago\/thuto ya godimo yeo e kgathalelago set\u0161haba.<\/p>\t\t\t\t\t\t\t\t<\/div>\n\t\t\t\t<\/div>\n\t\t\t\t<\/div>\n\t\t<div class=\"elementor-element elementor-element-dae008a e-con-full e-flex e-con e-child\" data-id=\"dae008a\" data-element_type=\"container\" data-e-type=\"container\" data-settings=\"{&quot;background_background&quot;:&quot;classic&quot;}\">\n\t\t\t\t<\/div>\n\t\t\t\t\t<\/div>\n\t\t\t\t<\/div>\n\t\t\t\t<\/div>","protected":false},"excerpt":{"rendered":"<p>Welcome Welcome to our university&#8217;s about page, where you can learn more about who we are and what we stand [&hellip;]<\/p>\n","protected":false},"author":5,"featured_media":0,"parent":0,"menu_order":0,"comment_status":"closed","ping_status":"closed","template":"","meta":{"site-sidebar-layout":"no-sidebar","site-content-layout":"","ast-site-content-layout":"full-width-container","site-content-style":"default","site-sidebar-style":"default","ast-global-header-display":"","ast-banner-title-visibility":"","ast-main-header-display":"","ast-hfb-above-header-display":"","ast-hfb-below-header-display":"","ast-hfb-mobile-header-display":"","site-post-title":"disabled","ast-breadcrumbs-content":"","ast-featured-img":"disabled","footer-sml-layout":"","ast-disable-related-posts":"","theme-transparent-header-meta":"","adv-header-id-meta":"","stick-header-meta":"","header-above-stick-meta":"","header-main-stick-meta":"","header-below-stick-meta":"","astra-migrate-meta-layouts":"default","ast-page-background-enabled":"default","ast-page-background-meta":{"desktop":{"background-color":"var(--ast-global-color-4)","background-image":"","background-repeat":"repeat","background-position":"center center","background-size":"auto","background-attachment":"scroll","background-type":"","background-media":"","overlay-type":"","overlay-color":"","overlay-opacity":"","overlay-gradient":""},"tablet":{"background-color":"","background-image":"","background-repeat":"repeat","background-position":"center center","background-size":"auto","background-attachment":"scroll","background-type":"","background-media":"","overlay-type":"","overlay-color":"","overlay-opacity":"","overlay-gradient":""},"mobile":{"background-color":"","background-image":"","background-repeat":"repeat","background-position":"center center","background-size":"auto","background-attachment":"scroll","background-type":"","background-media":"","overlay-type":"","overlay-color":"","overlay-opacity":"","overlay-gradient":""}},"ast-content-background-meta":{"desktop":{"background-color":"var(--ast-global-color-5)","background-image":"","background-repeat":"repeat","background-position":"center center","background-size":"auto","background-attachment":"scroll","background-type":"","background-media":"","overlay-type":"","overlay-color":"","overlay-opacity":"","overlay-gradient":""},"tablet":{"background-color":"var(--ast-global-color-5)","background-image":"","background-repeat":"repeat","background-position":"center center","background-size":"auto","background-attachment":"scroll","background-type":"","background-media":"","overlay-type":"","overlay-color":"","overlay-opacity":"","overlay-gradient":""},"mobile":{"background-color":"var(--ast-global-color-5)","background-image":"","background-repeat":"repeat","background-position":"center center","background-size":"auto","background-attachment":"scroll","background-type":"","background-media":"","overlay-type":"","overlay-color":"","overlay-opacity":"","overlay-gradient":""}},"footnotes":""},"categories":[20],"tags":[],"class_list":["post-980","page","type-page","status-publish","hentry","category-about-vut"],"aioseo_notices":[],"_links":{"self":[{"href":"https:\/\/vut.ac.za\/nso\/wp-json\/wp\/v2\/pages\/980","targetHints":{"allow":["GET"]}}],"collection":[{"href":"https:\/\/vut.ac.za\/nso\/wp-json\/wp\/v2\/pages"}],"about":[{"href":"https:\/\/vut.ac.za\/nso\/wp-json\/wp\/v2\/types\/page"}],"author":[{"embeddable":true,"href":"https:\/\/vut.ac.za\/nso\/wp-json\/wp\/v2\/users\/5"}],"replies":[{"embeddable":true,"href":"https:\/\/vut.ac.za\/nso\/wp-json\/wp\/v2\/comments?post=980"}],"version-history":[{"count":2,"href":"https:\/\/vut.ac.za\/nso\/wp-json\/wp\/v2\/pages\/980\/revisions"}],"predecessor-version":[{"id":23783,"href":"https:\/\/vut.ac.za\/nso\/wp-json\/wp\/v2\/pages\/980\/revisions\/23783"}],"wp:attachment":[{"href":"https:\/\/vut.ac.za\/nso\/wp-json\/wp\/v2\/media?parent=980"}],"wp:term":[{"taxonomy":"category","embeddable":true,"href":"https:\/\/vut.ac.za\/nso\/wp-json\/wp\/v2\/categories?post=980"},{"taxonomy":"post_tag","embeddable":true,"href":"https:\/\/vut.ac.za\/nso\/wp-json\/wp\/v2\/tags?post=980"}],"curies":[{"name":"wp","href":"https:\/\/api.w.org\/{rel}","templated":true}]}}