{"id":984,"date":"2024-10-10T08:18:51","date_gmt":"2024-10-10T08:18:51","guid":{"rendered":"https:\/\/vut.ac.za\/?page_id=984"},"modified":"2024-11-14T01:32:38","modified_gmt":"2024-11-14T01:32:38","slug":"strategic-plan","status":"publish","type":"page","link":"https:\/\/vut.ac.za\/nso\/strategic-plan\/","title":{"rendered":"Leano"},"content":{"rendered":"<div data-elementor-type=\"wp-page\" data-elementor-id=\"984\" class=\"elementor elementor-984\" data-elementor-post-type=\"page\">\n\t\t\t\t<div class=\"elementor-element elementor-element-120499e8 e-con-full e-flex e-con e-parent\" data-id=\"120499e8\" data-element_type=\"container\" data-e-type=\"container\" data-settings=\"{&quot;background_background&quot;:&quot;classic&quot;}\">\n\t\t<div class=\"elementor-element elementor-element-593bf9a1 e-con-full e-flex e-con e-child\" data-id=\"593bf9a1\" data-element_type=\"container\" data-e-type=\"container\" data-settings=\"{&quot;background_background&quot;:&quot;classic&quot;}\">\n\t\t\t\t<div class=\"elementor-element elementor-element-18529e12 elementor-widget elementor-widget-heading\" data-id=\"18529e12\" data-element_type=\"widget\" data-e-type=\"widget\" data-widget_type=\"heading.default\">\n\t\t\t\t<div class=\"elementor-widget-container\">\n\t\t\t\t\t<h2 class=\"elementor-heading-title elementor-size-default\">Leano<\/h2>\t\t\t\t<\/div>\n\t\t\t\t<\/div>\n\t\t\t\t<div class=\"elementor-element elementor-element-47d50af elementor-widget elementor-widget-text-editor\" data-id=\"47d50af\" data-element_type=\"widget\" data-e-type=\"widget\" data-widget_type=\"text-editor.default\">\n\t\t\t\t<div class=\"elementor-widget-container\">\n\t\t\t\t\t\t\t\t\t<p>Moo re hlalo\u0161ago pono, morero, le dinepo t\u0161eo di hlahlago bokamoso bja yunibesithi ya rena.<\/p>\t\t\t\t\t\t\t\t<\/div>\n\t\t\t\t<\/div>\n\t\t\t\t<\/div>\n\t\t<div class=\"elementor-element elementor-element-65ea44a e-con-full e-flex e-con e-child\" data-id=\"65ea44a\" data-element_type=\"container\" data-e-type=\"container\">\n\t\t\t\t<\/div>\n\t\t\t\t<\/div>\n\t\t<div class=\"elementor-element elementor-element-7cb103e1 e-flex e-con-boxed e-con e-parent\" data-id=\"7cb103e1\" data-element_type=\"container\" data-e-type=\"container\">\n\t\t\t\t\t<div class=\"e-con-inner\">\n\t\t<div class=\"elementor-element elementor-element-1546ddc3 e-con-full e-flex e-con e-child\" data-id=\"1546ddc3\" data-element_type=\"container\" data-e-type=\"container\">\n\t\t\t\t<div class=\"elementor-element elementor-element-548a2a12 elementor-widget elementor-widget-heading\" data-id=\"548a2a12\" data-element_type=\"widget\" data-e-type=\"widget\" data-widget_type=\"heading.default\">\n\t\t\t\t<div class=\"elementor-widget-container\">\n\t\t\t\t\t<h2 class=\"elementor-heading-title elementor-size-default\">Leano<\/h2>\t\t\t\t<\/div>\n\t\t\t\t<\/div>\n\t\t\t\t<div class=\"elementor-element elementor-element-70100196 elementor-widget-divider--view-line elementor-widget elementor-widget-divider\" data-id=\"70100196\" data-element_type=\"widget\" data-e-type=\"widget\" data-widget_type=\"divider.default\">\n\t\t\t\t<div class=\"elementor-widget-container\">\n\t\t\t\t\t\t\t<div class=\"elementor-divider\">\n\t\t\t<span class=\"elementor-divider-separator\">\n\t\t\t\t\t\t<\/span>\n\t\t<\/div>\n\t\t\t\t\t\t<\/div>\n\t\t\t\t<\/div>\n\t\t\t\t<div class=\"elementor-element elementor-element-4c384daf elementor-widget elementor-widget-text-editor\" data-id=\"4c384daf\" data-element_type=\"widget\" data-e-type=\"widget\" data-widget_type=\"text-editor.default\">\n\t\t\t\t<div class=\"elementor-widget-container\">\n\t\t\t\t\t\t\t\t\t<p>This strategic plan reflects our commitment to continuous improvement and our dedication to fulfilling our mission and vision.<br \/>By focusing on our core values and strategic priorities, we are confident that Vaal University of Technology will continue<br \/>to thrive as a leading institution of higher learning, making a positive impact on the lives of our students<br \/>and the communities we serve.<\/p>\t\t\t\t\t\t\t\t<\/div>\n\t\t\t\t<\/div>\n\t\t\t\t<\/div>\n\t\t\t\t\t<\/div>\n\t\t\t\t<\/div>\n\t\t<div class=\"elementor-element elementor-element-56a2427d e-flex e-con-boxed e-con e-parent\" data-id=\"56a2427d\" data-element_type=\"container\" data-e-type=\"container\" data-settings=\"{&quot;background_background&quot;:&quot;classic&quot;}\">\n\t\t\t\t\t<div class=\"e-con-inner\">\n\t\t<div class=\"elementor-element elementor-element-5d55983 e-con-full e-flex e-con e-child\" data-id=\"5d55983\" data-element_type=\"container\" data-e-type=\"container\" data-settings=\"{&quot;background_background&quot;:&quot;classic&quot;}\">\n\t\t\t\t<div class=\"elementor-element elementor-element-b4d37d4 elementor-widget elementor-widget-heading\" data-id=\"b4d37d4\" data-element_type=\"widget\" data-e-type=\"widget\" data-widget_type=\"heading.default\">\n\t\t\t\t<div class=\"elementor-widget-container\">\n\t\t\t\t\t<h2 class=\"elementor-heading-title elementor-size-default\"><br>Togamaano ya 2033+<\/h2>\t\t\t\t<\/div>\n\t\t\t\t<\/div>\n\t\t\t\t<div class=\"elementor-element elementor-element-0fc19ac elementor-widget-divider--view-line elementor-widget elementor-widget-divider\" data-id=\"0fc19ac\" data-element_type=\"widget\" data-e-type=\"widget\" data-widget_type=\"divider.default\">\n\t\t\t\t<div class=\"elementor-widget-container\">\n\t\t\t\t\t\t\t<div class=\"elementor-divider\">\n\t\t\t<span class=\"elementor-divider-separator\">\n\t\t\t\t\t\t<\/span>\n\t\t<\/div>\n\t\t\t\t\t\t<\/div>\n\t\t\t\t<\/div>\n\t\t\t\t<div class=\"elementor-element elementor-element-6633ced elementor-widget elementor-widget-text-editor\" data-id=\"6633ced\" data-element_type=\"widget\" data-e-type=\"widget\" data-widget_type=\"text-editor.default\">\n\t\t\t\t<div class=\"elementor-widget-container\">\n\t\t\t\t\t\t\t\t\t<p>Go eta pele boitlhamelo bakeng sa <br \/>phetogo intasetering e bohlale ya<br \/>dit\u0161ithale<\/p>\t\t\t\t\t\t\t\t<\/div>\n\t\t\t\t<\/div>\n\t\t\t\t<div class=\"elementor-element elementor-element-dfadb90 elementor-align-center elementor-widget elementor-widget-button\" data-id=\"dfadb90\" data-element_type=\"widget\" data-e-type=\"widget\" data-widget_type=\"button.default\">\n\t\t\t\t<div class=\"elementor-widget-container\">\n\t\t\t\t\t\t\t\t\t<div class=\"elementor-button-wrapper\">\n\t\t\t\t\t<a class=\"elementor-button elementor-button-link elementor-size-sm\" href=\"https:\/\/vut.ac.za\/wp-content\/uploads\/2024\/10\/VUT-Strategy-2033-updated-ver-1.1.pdf\">\n\t\t\t\t\t\t<span class=\"elementor-button-content-wrapper\">\n\t\t\t\t\t\t\t\t\t<span class=\"elementor-button-text\">Taonelouta<\/span>\n\t\t\t\t\t<\/span>\n\t\t\t\t\t<\/a>\n\t\t\t\t<\/div>\n\t\t\t\t\t\t\t\t<\/div>\n\t\t\t\t<\/div>\n\t\t\t\t<\/div>\n\t\t<div class=\"elementor-element elementor-element-d23a243 e-con-full e-flex e-con e-child\" data-id=\"d23a243\" data-element_type=\"container\" data-e-type=\"container\">\n\t\t\t\t<div class=\"elementor-element elementor-element-0c7ff30 elementor-widget elementor-widget-heading\" data-id=\"0c7ff30\" data-element_type=\"widget\" data-e-type=\"widget\" data-widget_type=\"heading.default\">\n\t\t\t\t<div class=\"elementor-widget-container\">\n\t\t\t\t\t<h2 class=\"elementor-heading-title elementor-size-default\"><br>Pono<\/h2>\t\t\t\t<\/div>\n\t\t\t\t<\/div>\n\t\t\t\t<div class=\"elementor-element elementor-element-42b5b4c elementor-widget-divider--view-line elementor-widget elementor-widget-divider\" data-id=\"42b5b4c\" data-element_type=\"widget\" data-e-type=\"widget\" data-widget_type=\"divider.default\">\n\t\t\t\t<div class=\"elementor-widget-container\">\n\t\t\t\t\t\t\t<div class=\"elementor-divider\">\n\t\t\t<span class=\"elementor-divider-separator\">\n\t\t\t\t\t\t<\/span>\n\t\t<\/div>\n\t\t\t\t\t\t<\/div>\n\t\t\t\t<\/div>\n\t\t\t\t<div class=\"elementor-element elementor-element-7e905b9 elementor-widget elementor-widget-text-editor\" data-id=\"7e905b9\" data-element_type=\"widget\" data-e-type=\"widget\" data-widget_type=\"text-editor.default\">\n\t\t\t\t<div class=\"elementor-widget-container\">\n\t\t\t\t\t\t\t\t\t<p>Go Ithuta le Boitlhamelo<br \/>bakeng sa bohlale bja dit\u0161ithale<br \/>le kgatelopele ya diintasteri le <br \/>phetogo ya t\u0161a leago le boiphedi\u0161o<\/p>\t\t\t\t\t\t\t\t<\/div>\n\t\t\t\t<\/div>\n\t\t\t\t<\/div>\n\t\t<div class=\"elementor-element elementor-element-e77cb3d e-con-full e-flex e-con e-child\" data-id=\"e77cb3d\" data-element_type=\"container\" data-e-type=\"container\">\n\t\t\t\t<div class=\"elementor-element elementor-element-4f00fc0 elementor-widget elementor-widget-heading\" data-id=\"4f00fc0\" data-element_type=\"widget\" data-e-type=\"widget\" data-widget_type=\"heading.default\">\n\t\t\t\t<div class=\"elementor-widget-container\">\n\t\t\t\t\t<h2 class=\"elementor-heading-title elementor-size-default\"><br>Morero<\/h2>\t\t\t\t<\/div>\n\t\t\t\t<\/div>\n\t\t\t\t<div class=\"elementor-element elementor-element-d440934 elementor-widget-divider--view-line elementor-widget elementor-widget-divider\" data-id=\"d440934\" data-element_type=\"widget\" data-e-type=\"widget\" data-widget_type=\"divider.default\">\n\t\t\t\t<div class=\"elementor-widget-container\">\n\t\t\t\t\t\t\t<div class=\"elementor-divider\">\n\t\t\t<span class=\"elementor-divider-separator\">\n\t\t\t\t\t\t<\/span>\n\t\t<\/div>\n\t\t\t\t\t\t<\/div>\n\t\t\t\t<\/div>\n\t\t\t\t<div class=\"elementor-element elementor-element-51102db elementor-widget elementor-widget-text-editor\" data-id=\"51102db\" data-element_type=\"widget\" data-e-type=\"widget\" data-widget_type=\"text-editor.default\">\n\t\t\t\t<div class=\"elementor-widget-container\">\n\t\t\t\t\t\t\t\t\t<p>ke go t\u0161welet\u0161a dialoga t\u0161a<br \/>bogwebi bja theknolot\u0161i le boitlhamelo<br \/>t\u0161eo di tla \u0161u\u0161umet\u0161ago diphetogo t\u0161a go kwagala<br \/>set\u0161habeng sa go swarelela le go atlega,<br \/>intastering le kgwebong.<\/p>\t\t\t\t\t\t\t\t<\/div>\n\t\t\t\t<\/div>\n\t\t\t\t<\/div>\n\t\t\t\t\t<\/div>\n\t\t\t\t<\/div>\n\t\t<div class=\"elementor-element elementor-element-1f0b7f0 e-flex e-con-boxed e-con e-parent\" data-id=\"1f0b7f0\" data-element_type=\"container\" data-e-type=\"container\">\n\t\t\t\t\t<div class=\"e-con-inner\">\n\t\t\t\t<div class=\"elementor-element elementor-element-344c858 elementor-widget elementor-widget-heading\" data-id=\"344c858\" data-element_type=\"widget\" data-e-type=\"widget\" data-widget_type=\"heading.default\">\n\t\t\t\t<div class=\"elementor-widget-container\">\n\t\t\t\t\t<h2 class=\"elementor-heading-title elementor-size-default\"><br><br>Ditekanyet\u0161o<\/h2>\t\t\t\t<\/div>\n\t\t\t\t<\/div>\n\t\t\t\t<div class=\"elementor-element elementor-element-5cd54cf elementor-widget elementor-widget-text-editor\" data-id=\"5cd54cf\" data-element_type=\"widget\" data-e-type=\"widget\" data-widget_type=\"text-editor.default\">\n\t\t\t\t<div class=\"elementor-widget-container\">\n\t\t\t\t\t\t\t\t\t<p><br><\/p><p>VUT e latela metheo yeo e latelago:<\/p>\t\t\t\t\t\t\t\t<\/div>\n\t\t\t\t<\/div>\n\t\t\t\t<div class=\"elementor-element elementor-element-9e63efd elementor-widget-divider--view-line elementor-widget elementor-widget-divider\" data-id=\"9e63efd\" data-element_type=\"widget\" data-e-type=\"widget\" data-widget_type=\"divider.default\">\n\t\t\t\t<div class=\"elementor-widget-container\">\n\t\t\t\t\t\t\t<div class=\"elementor-divider\">\n\t\t\t<span class=\"elementor-divider-separator\">\n\t\t\t\t\t\t<\/span>\n\t\t<\/div>\n\t\t\t\t\t\t<\/div>\n\t\t\t\t<\/div>\n\t\t\t\t<div class=\"elementor-element elementor-element-c91a613 elementor-widget elementor-widget-text-editor\" data-id=\"c91a613\" data-element_type=\"widget\" data-e-type=\"widget\" data-widget_type=\"text-editor.default\">\n\t\t\t\t<div class=\"elementor-widget-container\">\n\t\t\t\t\t\t\t\t\t<p><strong>Bokgoni:<\/strong> Re katanela phihlelelo ya godimo go t\u0161wa set\u0161habeng ka moka sa VUT, gomme re hlohlelet\u0161a set\u0161o sa go feta ditetelo t\u0161e di tlwaelegilego ka go phegelela merero ya rena<\/p><p><strong>Boitlhamelo:<\/strong> Re t\u0161wet\u0161apele maitapi\u0161o le mokgwa wa boitlhamelo go phegeleleng merero ya rena le nepo ye kgolo ya go godi\u0161a go atlega ga batho<\/p><p><span style=\"color: #333333;\"><strong>Maitshwaro a Tlhokomelo:<\/strong><\/span> Re laet\u0161we gore re se ke ra naganela fela ka fao re swaranago ka gona, eup\u0161a re \u0161omi\u0161e tlhokomelo ye kgolo ka fao re lebelelago le go \u0161irelet\u0161a go loka go ka moka re katanelago go go fihlelela ka prot\u0161eke ya Yunibesithi<\/p><p><strong>Tiri\u0161anommogo:<\/strong> Re t\u0161wet\u0161apele set\u0161o sa go ba le bogwera, go diri\u0161ana mmogo, le tlhomphano go phegelela go fihlelela dinepo t\u0161a go swana<\/p><p><strong>Botshepegi:<\/strong> Re kgomarelana, le go dira gore yo mongwe le yo mongwe a ikarabele ka maitshwaro a mabotse le a letswalo mo\u0161omong, lent\u0161ung le tirong, se ke go tlalelet\u0161a ditiri\u0161ano t\u0161a rena le mananeo, gammogo le ditiro t\u0161e dingwe dikarolong ka moka t\u0161a tshepedi\u0161o le bophelo bja yunibesithi<\/p><p><strong>Go fapafapana:<\/strong> Re atlega ka phapano bjalo ka letlotlo, re t\u0161wet\u0161apele temogo ya tekatekano le go amogela gore bohle ba ka tsenya letsogo ka tsela ye botse ka ditsela t\u0161e di fapafapanego go phegelela go fihlelela pono le morero wa yunibesithi<\/p>\t\t\t\t\t\t\t\t<\/div>\n\t\t\t\t<\/div>\n\t\t\t\t\t<\/div>\n\t\t\t\t<\/div>\n\t\t\t\t<\/div>","protected":false},"excerpt":{"rendered":"<p>Strategic Plan Where we outline the vision, mission, and goals that guide the future of our university. Strategic Plan This [&hellip;]<\/p>\n","protected":false},"author":5,"featured_media":0,"parent":0,"menu_order":0,"comment_status":"closed","ping_status":"closed","template":"","meta":{"site-sidebar-layout":"no-sidebar","site-content-layout":"","ast-site-content-layout":"full-width-container","site-content-style":"default","site-sidebar-style":"default","ast-global-header-display":"","ast-banner-title-visibility":"","ast-main-header-display":"","ast-hfb-above-header-display":"","ast-hfb-below-header-display":"","ast-hfb-mobile-header-display":"","site-post-title":"disabled","ast-breadcrumbs-content":"","ast-featured-img":"disabled","footer-sml-layout":"","ast-disable-related-posts":"","theme-transparent-header-meta":"","adv-header-id-meta":"","stick-header-meta":"","header-above-stick-meta":"","header-main-stick-meta":"","header-below-stick-meta":"","astra-migrate-meta-layouts":"default","ast-page-background-enabled":"default","ast-page-background-meta":{"desktop":{"background-color":"var(--ast-global-color-4)","background-image":"","background-repeat":"repeat","background-position":"center center","background-size":"auto","background-attachment":"scroll","background-type":"","background-media":"","overlay-type":"","overlay-color":"","overlay-opacity":"","overlay-gradient":""},"tablet":{"background-color":"","background-image":"","background-repeat":"repeat","background-position":"center center","background-size":"auto","background-attachment":"scroll","background-type":"","background-media":"","overlay-type":"","overlay-color":"","overlay-opacity":"","overlay-gradient":""},"mobile":{"background-color":"","background-image":"","background-repeat":"repeat","background-position":"center center","background-size":"auto","background-attachment":"scroll","background-type":"","background-media":"","overlay-type":"","overlay-color":"","overlay-opacity":"","overlay-gradient":""}},"ast-content-background-meta":{"desktop":{"background-color":"var(--ast-global-color-5)","background-image":"","background-repeat":"repeat","background-position":"center center","background-size":"auto","background-attachment":"scroll","background-type":"","background-media":"","overlay-type":"","overlay-color":"","overlay-opacity":"","overlay-gradient":""},"tablet":{"background-color":"var(--ast-global-color-5)","background-image":"","background-repeat":"repeat","background-position":"center center","background-size":"auto","background-attachment":"scroll","background-type":"","background-media":"","overlay-type":"","overlay-color":"","overlay-opacity":"","overlay-gradient":""},"mobile":{"background-color":"var(--ast-global-color-5)","background-image":"","background-repeat":"repeat","background-position":"center center","background-size":"auto","background-attachment":"scroll","background-type":"","background-media":"","overlay-type":"","overlay-color":"","overlay-opacity":"","overlay-gradient":""}},"footnotes":""},"categories":[20],"tags":[],"class_list":["post-984","page","type-page","status-publish","hentry","category-about-vut"],"aioseo_notices":[],"_links":{"self":[{"href":"https:\/\/vut.ac.za\/nso\/wp-json\/wp\/v2\/pages\/984","targetHints":{"allow":["GET"]}}],"collection":[{"href":"https:\/\/vut.ac.za\/nso\/wp-json\/wp\/v2\/pages"}],"about":[{"href":"https:\/\/vut.ac.za\/nso\/wp-json\/wp\/v2\/types\/page"}],"author":[{"embeddable":true,"href":"https:\/\/vut.ac.za\/nso\/wp-json\/wp\/v2\/users\/5"}],"replies":[{"embeddable":true,"href":"https:\/\/vut.ac.za\/nso\/wp-json\/wp\/v2\/comments?post=984"}],"version-history":[{"count":2,"href":"https:\/\/vut.ac.za\/nso\/wp-json\/wp\/v2\/pages\/984\/revisions"}],"predecessor-version":[{"id":9094,"href":"https:\/\/vut.ac.za\/nso\/wp-json\/wp\/v2\/pages\/984\/revisions\/9094"}],"wp:attachment":[{"href":"https:\/\/vut.ac.za\/nso\/wp-json\/wp\/v2\/media?parent=984"}],"wp:term":[{"taxonomy":"category","embeddable":true,"href":"https:\/\/vut.ac.za\/nso\/wp-json\/wp\/v2\/categories?post=984"},{"taxonomy":"post_tag","embeddable":true,"href":"https:\/\/vut.ac.za\/nso\/wp-json\/wp\/v2\/tags?post=984"}],"curies":[{"name":"wp","href":"https:\/\/api.w.org\/{rel}","templated":true}]}}